{"id":20275,"date":"2024-06-25T15:38:36","date_gmt":"2024-06-25T18:38:36","guid":{"rendered":"https:\/\/www.alisul.com.br\/?page_id=20275"},"modified":"2024-07-05T09:56:49","modified_gmt":"2024-07-05T12:56:49","slug":"satisfaccion-100-garantizada","status":"publish","type":"page","link":"https:\/\/www.alisul.com.br\/es\/satisfaccion-100-garantizada\/","title":{"rendered":"Satisfacci\u00f3n 100% Garantizada"},"content":{"rendered":"\t\t<div data-elementor-type=\"wp-page\" data-elementor-id=\"20275\" class=\"elementor elementor-20275\" data-elementor-post-type=\"page\">\n\t\t\t\t<div class=\"elementor-element elementor-element-d37e46d e-flex e-con-boxed e-con e-parent\" data-id=\"d37e46d\" data-element_type=\"container\">\n\t\t\t\t\t<div class=\"e-con-inner\">\n\t\t\t\t<div class=\"elementor-element elementor-element-3ed9607 elementor-widget elementor-widget-heading\" data-id=\"3ed9607\" data-element_type=\"widget\" data-widget_type=\"heading.default\">\n\t\t\t\t<div class=\"elementor-widget-container\">\n\t\t\t\t\t<h2 class=\"elementor-heading-title elementor-size-default\">frost: REGLAMENTO DEL PROGRAMA FROST SATISFACCI\u00d3N 100% GARANTIZADA<\/h2>\t\t\t\t<\/div>\n\t\t\t\t<\/div>\n\t\t\t\t\t<\/div>\n\t\t\t\t<\/div>\n\t\t<div class=\"elementor-element elementor-element-dda46f6 e-flex e-con-boxed e-con e-parent\" data-id=\"dda46f6\" data-element_type=\"container\">\n\t\t\t\t\t<div class=\"e-con-inner\">\n\t\t\t\t<div class=\"elementor-element elementor-element-4361fc0 elementor-widget elementor-widget-image\" data-id=\"4361fc0\" data-element_type=\"widget\" data-widget_type=\"image.default\">\n\t\t\t\t<div class=\"elementor-widget-container\">\n\t\t\t\t\t\t\t\t\t\t\t\t\t\t\t<img fetchpriority=\"high\" decoding=\"async\" width=\"1024\" height=\"314\" src=\"https:\/\/www.alisul.com.br\/wp-content\/uploads\/2024\/07\/banner-frost-nova-formula-1-1024x314.jpg\" class=\"attachment-large size-large wp-image-20844\" alt=\"banner-nova-frost\" srcset=\"https:\/\/www.alisul.com.br\/wp-content\/uploads\/2024\/07\/banner-frost-nova-formula-1-1024x314.jpg 1024w, https:\/\/www.alisul.com.br\/wp-content\/uploads\/2024\/07\/banner-frost-nova-formula-1-300x92.jpg 300w, https:\/\/www.alisul.com.br\/wp-content\/uploads\/2024\/07\/banner-frost-nova-formula-1-768x236.jpg 768w, https:\/\/www.alisul.com.br\/wp-content\/uploads\/2024\/07\/banner-frost-nova-formula-1-100x31.jpg 100w, https:\/\/www.alisul.com.br\/wp-content\/uploads\/2024\/07\/banner-frost-nova-formula-1.jpg 1536w\" sizes=\"(max-width: 1024px) 100vw, 1024px\" \/>\t\t\t\t\t\t\t\t\t\t\t\t\t\t\t<\/div>\n\t\t\t\t<\/div>\n\t\t\t\t\t<\/div>\n\t\t\t\t<\/div>\n\t\t<div class=\"elementor-element elementor-element-4f1819c e-flex e-con-boxed e-con e-parent\" data-id=\"4f1819c\" data-element_type=\"container\">\n\t\t\t\t\t<div class=\"e-con-inner\">\n\t\t\t\t<div class=\"elementor-element elementor-element-8195ad2 elementor-widget elementor-widget-text-editor\" data-id=\"8195ad2\" data-element_type=\"widget\" data-widget_type=\"text-editor.default\">\n\t\t\t\t<div class=\"elementor-widget-container\">\n\t\t\t\t\t\t\t\t\t<p><span style=\"font-weight: 400;\">Este reglamento est\u00e1 destinado exclusivamente a consumidores finales, quedando prohibido el uso del programa por distribuidores o minoristas.<\/span><\/p><p>\u00a0<\/p><p><span style=\"font-weight: 400;\">Para solicitar el cambio del producto, el consumidor deber\u00e1 ponerse en contacto a trav\u00e9s del correo <a href=\"mailto:sac@alisul.com.br\">sac@alisul.com.br<\/a>, proporcionando: Nombre completo, n\u00famero de tel\u00e9fono, correo electr\u00f3nico, direcci\u00f3n residencial, establecimiento comercial donde adquiri\u00f3 el producto, junto con los datos completos del producto: Nombre, presentaci\u00f3n del embalaje, fecha de fabricaci\u00f3n, n\u00famero de lote, descripci\u00f3n del problema, y cumplir con las siguientes condiciones:<\/span><\/p><p>\u00a0<\/p><ol><li><span style=\"font-weight: 400;\">Solo se autorizar\u00e1n productos de la l\u00ednea Frost;<\/span><\/li><li><span style=\"font-weight: 400;\">La transici\u00f3n de la alimentaci\u00f3n debe haberse realizado de forma gradual, seg\u00fan la recomendaci\u00f3n del embalaje;<\/span><\/li><li><span style=\"font-weight: 400;\">Presentar la factura de compra del producto;<\/span><\/li><li><span style=\"font-weight: 400;\">Realizar la solicitud en un plazo m\u00e1ximo de 60 d\u00edas a partir de la fecha de adquisici\u00f3n del producto;<\/span><\/li><li><span style=\"font-weight: 400;\">Tener al menos el 75% del producto restante en el envase;<\/span><\/li><li><span style=\"font-weight: 400;\">El producto debe estar a\u00fan dentro del per\u00edodo de validez.<\/span><\/li><\/ol><p><span style=\"text-decoration: underline;\"><span style=\"font-weight: 400;\">El Control de Calidad de Alisul Alimentos S\/A evaluar\u00e1 la informaci\u00f3n proporcionada y orientar\u00e1 sobre el procedimiento de cambio del producto.<\/span><\/span><\/p>\t\t\t\t\t\t\t\t<\/div>\n\t\t\t\t<\/div>\n\t\t\t\t\t<\/div>\n\t\t\t\t<\/div>\n\t\t\t\t<\/div>\n\t\t","protected":false},"excerpt":{"rendered":"<p>frost: REGLAMENTO DEL PROGRAMA FROST SATISFACCI\u00d3N 100% GARANTIZADA Este reglamento est\u00e1 destinado exclusivamente a consumidores finales, quedando prohibido el uso del programa por distribuidores o minoristas. \u00a0 Para solicitar el cambio del producto, el consumidor deber\u00e1 ponerse en contacto a trav\u00e9s del correo sac@alisul.com.br, proporcionando: Nombre completo, n\u00famero de tel\u00e9fono, correo electr\u00f3nico, direcci\u00f3n residencial, establecimiento [&hellip;]<\/p>\n","protected":false},"author":1,"featured_media":20277,"parent":0,"menu_order":0,"comment_status":"closed","ping_status":"closed","template":"template-contato.php","meta":{"footnotes":""},"class_list":["post-20275","page","type-page","status-publish","has-post-thumbnail","hentry"],"yoast_head":"<!-- This site is optimized with the Yoast SEO plugin v27.2 - https:\/\/yoast.com\/product\/yoast-seo-wordpress\/ -->\n<title>Alisul<\/title>\n<meta name=\"robots\" content=\"index, follow, max-snippet:-1, max-image-preview:large, max-video-preview:-1\" \/>\n<link rel=\"canonical\" href=\"https:\/\/www.alisul.com.br\/es\/satisfaccion-100-garantizada\/\" \/>\n<meta property=\"og:locale\" content=\"es_ES\" \/>\n<meta property=\"og:type\" content=\"article\" \/>\n<meta property=\"og:title\" content=\"Satisfacci\u00f3n 100% Garantizada - Alisul\" \/>\n<meta property=\"og:description\" content=\"frost: REGLAMENTO DEL PROGRAMA FROST SATISFACCI\u00d3N 100% GARANTIZADA Este reglamento est\u00e1 destinado exclusivamente a consumidores finales, quedando prohibido el uso del programa por distribuidores o minoristas. \u00a0 Para solicitar el cambio del producto, el consumidor deber\u00e1 ponerse en contacto a trav\u00e9s del correo sac@alisul.com.br, proporcionando: Nombre completo, n\u00famero de tel\u00e9fono, correo electr\u00f3nico, direcci\u00f3n residencial, establecimiento [&hellip;]\" \/>\n<meta property=\"og:url\" content=\"https:\/\/www.alisul.com.br\/es\/satisfaccion-100-garantizada\/\" \/>\n<meta property=\"og:site_name\" content=\"Alisul\" \/>\n<meta property=\"article:publisher\" content=\"https:\/\/www.facebook.com\/racoessupraoficial\" \/>\n<meta property=\"article:modified_time\" content=\"2024-07-05T12:56:49+00:00\" \/>\n<meta property=\"og:image\" content=\"https:\/\/www.alisul.com.br\/wp-content\/uploads\/2020\/11\/Logo-e1606502154222.png\" \/>\n\t<meta property=\"og:image:width\" content=\"576\" \/>\n\t<meta property=\"og:image:height\" content=\"552\" \/>\n\t<meta property=\"og:image:type\" content=\"image\/png\" \/>\n<meta name=\"twitter:card\" content=\"summary_large_image\" \/>\n<meta name=\"twitter:label1\" content=\"Tiempo de lectura\" \/>\n\t<meta name=\"twitter:data1\" content=\"2 minutos\" \/>\n<script type=\"application\/ld+json\" class=\"yoast-schema-graph\">{\"@context\":\"https:\/\/schema.org\",\"@graph\":[{\"@type\":\"WebPage\",\"@id\":\"https:\/\/www.alisul.com.br\/es\/satisfaccion-100-garantizada\/\",\"url\":\"https:\/\/www.alisul.com.br\/es\/satisfaccion-100-garantizada\/\",\"name\":\"Satisfacci\u00f3n 100% Garantizada - Alisul\",\"isPartOf\":{\"@id\":\"https:\/\/www.alisul.com.br\/#website\"},\"primaryImageOfPage\":{\"@id\":\"https:\/\/www.alisul.com.br\/es\/satisfaccion-100-garantizada\/#primaryimage\"},\"image\":{\"@id\":\"https:\/\/www.alisul.com.br\/es\/satisfaccion-100-garantizada\/#primaryimage\"},\"thumbnailUrl\":\"https:\/\/www.alisul.com.br\/wp-content\/uploads\/2020\/11\/Logo-e1606502154222.png\",\"datePublished\":\"2024-06-25T18:38:36+00:00\",\"dateModified\":\"2024-07-05T12:56:49+00:00\",\"breadcrumb\":{\"@id\":\"https:\/\/www.alisul.com.br\/es\/satisfaccion-100-garantizada\/#breadcrumb\"},\"inLanguage\":\"es\",\"potentialAction\":[{\"@type\":\"ReadAction\",\"target\":[\"https:\/\/www.alisul.com.br\/es\/satisfaccion-100-garantizada\/\"]}]},{\"@type\":\"ImageObject\",\"inLanguage\":\"es\",\"@id\":\"https:\/\/www.alisul.com.br\/es\/satisfaccion-100-garantizada\/#primaryimage\",\"url\":\"https:\/\/www.alisul.com.br\/wp-content\/uploads\/2020\/11\/Logo-e1606502154222.png\",\"contentUrl\":\"https:\/\/www.alisul.com.br\/wp-content\/uploads\/2020\/11\/Logo-e1606502154222.png\",\"width\":576,\"height\":552},{\"@type\":\"BreadcrumbList\",\"@id\":\"https:\/\/www.alisul.com.br\/es\/satisfaccion-100-garantizada\/#breadcrumb\",\"itemListElement\":[{\"@type\":\"ListItem\",\"position\":1,\"name\":\"In\u00edcio\",\"item\":\"https:\/\/www.alisul.com.br\/\"},{\"@type\":\"ListItem\",\"position\":2,\"name\":\"Satisfacci\u00f3n 100% Garantizada\"}]},{\"@type\":\"WebSite\",\"@id\":\"https:\/\/www.alisul.com.br\/#website\",\"url\":\"https:\/\/www.alisul.com.br\/\",\"name\":\"Alisul\",\"description\":\"Mais que produtos, Resultados!\",\"publisher\":{\"@id\":\"https:\/\/www.alisul.com.br\/#organization\"},\"potentialAction\":[{\"@type\":\"SearchAction\",\"target\":{\"@type\":\"EntryPoint\",\"urlTemplate\":\"https:\/\/www.alisul.com.br\/?s={search_term_string}\"},\"query-input\":{\"@type\":\"PropertyValueSpecification\",\"valueRequired\":true,\"valueName\":\"search_term_string\"}}],\"inLanguage\":\"es\"},{\"@type\":\"Organization\",\"@id\":\"https:\/\/www.alisul.com.br\/#organization\",\"name\":\"Alisul Alimentos SA\",\"url\":\"https:\/\/www.alisul.com.br\/\",\"logo\":{\"@type\":\"ImageObject\",\"inLanguage\":\"es\",\"@id\":\"https:\/\/www.alisul.com.br\/#\/schema\/logo\/image\/\",\"url\":\"https:\/\/www.alisul.com.br\/wp-content\/uploads\/2021\/09\/cropped-supra-desde79-Copia.png\",\"contentUrl\":\"https:\/\/www.alisul.com.br\/wp-content\/uploads\/2021\/09\/cropped-supra-desde79-Copia.png\",\"width\":512,\"height\":512,\"caption\":\"Alisul Alimentos SA\"},\"image\":{\"@id\":\"https:\/\/www.alisul.com.br\/#\/schema\/logo\/image\/\"},\"sameAs\":[\"https:\/\/www.facebook.com\/racoessupraoficial\",\"https:\/\/www.instagram.com\/racoessupra\/\"]}]}<\/script>\n<!-- \/ Yoast SEO plugin. -->","yoast_head_json":{"title":"Alisul","robots":{"index":"index","follow":"follow","max-snippet":"max-snippet:-1","max-image-preview":"max-image-preview:large","max-video-preview":"max-video-preview:-1"},"canonical":"https:\/\/www.alisul.com.br\/es\/satisfaccion-100-garantizada\/","og_locale":"es_ES","og_type":"article","og_title":"Satisfacci\u00f3n 100% Garantizada - Alisul","og_description":"frost: REGLAMENTO DEL PROGRAMA FROST SATISFACCI\u00d3N 100% GARANTIZADA Este reglamento est\u00e1 destinado exclusivamente a consumidores finales, quedando prohibido el uso del programa por distribuidores o minoristas. \u00a0 Para solicitar el cambio del producto, el consumidor deber\u00e1 ponerse en contacto a trav\u00e9s del correo sac@alisul.com.br, proporcionando: Nombre completo, n\u00famero de tel\u00e9fono, correo electr\u00f3nico, direcci\u00f3n residencial, establecimiento [&hellip;]","og_url":"https:\/\/www.alisul.com.br\/es\/satisfaccion-100-garantizada\/","og_site_name":"Alisul","article_publisher":"https:\/\/www.facebook.com\/racoessupraoficial","article_modified_time":"2024-07-05T12:56:49+00:00","og_image":[{"width":576,"height":552,"url":"https:\/\/www.alisul.com.br\/wp-content\/uploads\/2020\/11\/Logo-e1606502154222.png","type":"image\/png"}],"twitter_card":"summary_large_image","twitter_misc":{"Tiempo de lectura":"2 minutos"},"schema":{"@context":"https:\/\/schema.org","@graph":[{"@type":"WebPage","@id":"https:\/\/www.alisul.com.br\/es\/satisfaccion-100-garantizada\/","url":"https:\/\/www.alisul.com.br\/es\/satisfaccion-100-garantizada\/","name":"Satisfacci\u00f3n 100% Garantizada - Alisul","isPartOf":{"@id":"https:\/\/www.alisul.com.br\/#website"},"primaryImageOfPage":{"@id":"https:\/\/www.alisul.com.br\/es\/satisfaccion-100-garantizada\/#primaryimage"},"image":{"@id":"https:\/\/www.alisul.com.br\/es\/satisfaccion-100-garantizada\/#primaryimage"},"thumbnailUrl":"https:\/\/www.alisul.com.br\/wp-content\/uploads\/2020\/11\/Logo-e1606502154222.png","datePublished":"2024-06-25T18:38:36+00:00","dateModified":"2024-07-05T12:56:49+00:00","breadcrumb":{"@id":"https:\/\/www.alisul.com.br\/es\/satisfaccion-100-garantizada\/#breadcrumb"},"inLanguage":"es","potentialAction":[{"@type":"ReadAction","target":["https:\/\/www.alisul.com.br\/es\/satisfaccion-100-garantizada\/"]}]},{"@type":"ImageObject","inLanguage":"es","@id":"https:\/\/www.alisul.com.br\/es\/satisfaccion-100-garantizada\/#primaryimage","url":"https:\/\/www.alisul.com.br\/wp-content\/uploads\/2020\/11\/Logo-e1606502154222.png","contentUrl":"https:\/\/www.alisul.com.br\/wp-content\/uploads\/2020\/11\/Logo-e1606502154222.png","width":576,"height":552},{"@type":"BreadcrumbList","@id":"https:\/\/www.alisul.com.br\/es\/satisfaccion-100-garantizada\/#breadcrumb","itemListElement":[{"@type":"ListItem","position":1,"name":"In\u00edcio","item":"https:\/\/www.alisul.com.br\/"},{"@type":"ListItem","position":2,"name":"Satisfacci\u00f3n 100% Garantizada"}]},{"@type":"WebSite","@id":"https:\/\/www.alisul.com.br\/#website","url":"https:\/\/www.alisul.com.br\/","name":"Alisul","description":"Mais que produtos, Resultados!","publisher":{"@id":"https:\/\/www.alisul.com.br\/#organization"},"potentialAction":[{"@type":"SearchAction","target":{"@type":"EntryPoint","urlTemplate":"https:\/\/www.alisul.com.br\/?s={search_term_string}"},"query-input":{"@type":"PropertyValueSpecification","valueRequired":true,"valueName":"search_term_string"}}],"inLanguage":"es"},{"@type":"Organization","@id":"https:\/\/www.alisul.com.br\/#organization","name":"Alisul Alimentos SA","url":"https:\/\/www.alisul.com.br\/","logo":{"@type":"ImageObject","inLanguage":"es","@id":"https:\/\/www.alisul.com.br\/#\/schema\/logo\/image\/","url":"https:\/\/www.alisul.com.br\/wp-content\/uploads\/2021\/09\/cropped-supra-desde79-Copia.png","contentUrl":"https:\/\/www.alisul.com.br\/wp-content\/uploads\/2021\/09\/cropped-supra-desde79-Copia.png","width":512,"height":512,"caption":"Alisul Alimentos SA"},"image":{"@id":"https:\/\/www.alisul.com.br\/#\/schema\/logo\/image\/"},"sameAs":["https:\/\/www.facebook.com\/racoessupraoficial","https:\/\/www.instagram.com\/racoessupra\/"]}]}},"_links":{"self":[{"href":"https:\/\/www.alisul.com.br\/es\/wp-json\/wp\/v2\/pages\/20275","targetHints":{"allow":["GET"]}}],"collection":[{"href":"https:\/\/www.alisul.com.br\/es\/wp-json\/wp\/v2\/pages"}],"about":[{"href":"https:\/\/www.alisul.com.br\/es\/wp-json\/wp\/v2\/types\/page"}],"author":[{"embeddable":true,"href":"https:\/\/www.alisul.com.br\/es\/wp-json\/wp\/v2\/users\/1"}],"replies":[{"embeddable":true,"href":"https:\/\/www.alisul.com.br\/es\/wp-json\/wp\/v2\/comments?post=20275"}],"version-history":[{"count":11,"href":"https:\/\/www.alisul.com.br\/es\/wp-json\/wp\/v2\/pages\/20275\/revisions"}],"predecessor-version":[{"id":20856,"href":"https:\/\/www.alisul.com.br\/es\/wp-json\/wp\/v2\/pages\/20275\/revisions\/20856"}],"wp:featuredmedia":[{"embeddable":true,"href":"https:\/\/www.alisul.com.br\/es\/wp-json\/wp\/v2\/media\/20277"}],"wp:attachment":[{"href":"https:\/\/www.alisul.com.br\/es\/wp-json\/wp\/v2\/media?parent=20275"}],"curies":[{"name":"wp","href":"https:\/\/api.w.org\/{rel}","templated":true}]}}