{"id":1555,"date":"2021-04-19T15:13:52","date_gmt":"2021-04-19T18:13:52","guid":{"rendered":"https:\/\/www.alisul.com.br\/?page_id=1555"},"modified":"2024-06-27T14:59:50","modified_gmt":"2024-06-27T17:59:50","slug":"trabaja-con-nosotros","status":"publish","type":"page","link":"https:\/\/www.alisul.com.br\/es\/trabaja-con-nosotros\/","title":{"rendered":"Trabaja con nosotros"},"content":{"rendered":"\t\t<div data-elementor-type=\"wp-page\" data-elementor-id=\"1555\" class=\"elementor elementor-1555\" data-elementor-post-type=\"page\">\n\t\t\t\t<div class=\"elementor-element elementor-element-5b003c6b e-flex e-con-boxed e-con e-parent\" data-id=\"5b003c6b\" data-element_type=\"container\">\n\t\t\t\t\t<div class=\"e-con-inner\">\n\t\t\t\t<div class=\"elementor-element elementor-element-7ace789d elementor-widget elementor-widget-text-editor\" data-id=\"7ace789d\" data-element_type=\"widget\" data-widget_type=\"text-editor.default\">\n\t\t\t\t<div class=\"elementor-widget-container\">\n\t\t\t\t\t\t\t\t\t<div class=\"wpcf7 no-js\" id=\"wpcf7-f20399-o1\" lang=\"pt-BR\" dir=\"ltr\" data-wpcf7-id=\"20399\">\n<div class=\"screen-reader-response\">\n<p role=\"status\" aria-live=\"polite\" aria-atomic=\"true\">\n<ul><\/ul>\n<\/div>\n<form action=\"\/es\/wp-json\/wp\/v2\/pages\/1555#wpcf7-f20399-o1\" method=\"post\" class=\"wpcf7-form init\" aria-label=\"Formul\u00e1rios de contato\" enctype=\"multipart\/form-data\" novalidate=\"novalidate\" data-status=\"init\">\n<fieldset class=\"hidden-fields-container\"><input type=\"hidden\" name=\"_wpcf7\" value=\"20399\" \/><input type=\"hidden\" name=\"_wpcf7_version\" value=\"6.1.1\" \/><input type=\"hidden\" name=\"_wpcf7_locale\" value=\"pt_BR\" \/><input type=\"hidden\" name=\"_wpcf7_unit_tag\" value=\"wpcf7-f20399-o1\" \/><input type=\"hidden\" name=\"_wpcf7_container_post\" value=\"0\" \/><input type=\"hidden\" name=\"_wpcf7_posted_data_hash\" value=\"\" \/><input type=\"hidden\" name=\"_wpcf7_recaptcha_response\" value=\"\" \/><br \/>\n<\/fieldset>\n<div class=\"line\">\n<div class=\"unit size1of2\">\n<div class=\"pr10\">\n<p><span class=\"wpcf7-form-control-wrap\" data-name=\"your-name\"><input size=\"40\" maxlength=\"400\" class=\"wpcf7-form-control wpcf7-text wpcf7-validates-as-required\" aria-required=\"true\" aria-invalid=\"false\" placeholder=\"Nombre\" value=\"\" type=\"text\" name=\"your-name\" \/><\/span>\n\t\t\t<\/p>\n<div class=\"line\">\n<div class=\"unit size1of2\">\n<div class=\"pr10\">\n<p><span class=\"wpcf7-form-control-wrap\" data-name=\"your-email\"><input size=\"40\" maxlength=\"400\" class=\"wpcf7-form-control wpcf7-email wpcf7-validates-as-required wpcf7-text wpcf7-validates-as-email\" aria-required=\"true\" aria-invalid=\"false\" placeholder=\"Email\" value=\"\" type=\"email\" name=\"your-email\" \/><\/span>\n\t\t\t\t\t\t<\/p>\n<\/p><\/div>\n<\/p><\/div>\n<div class=\"unit size1of2\">\n<div class=\"pl10\">\n<p><span class=\"wpcf7-form-control-wrap\" data-name=\"your-telefone\"><input size=\"40\" maxlength=\"400\" class=\"wpcf7-form-control wpcf7-text mask-telefone\" aria-invalid=\"false\" placeholder=\"Tel\u00e9fono\" value=\"\" type=\"text\" name=\"your-telefone\" \/><\/span>\n\t\t\t\t\t\t<\/p>\n<\/p><\/div>\n<\/p><\/div>\n<\/p><\/div>\n<p><span class=\"wpcf7-form-control-wrap\" data-name=\"your-endereco\"><input size=\"40\" maxlength=\"400\" class=\"wpcf7-form-control wpcf7-text wpcf7-validates-as-required\" aria-required=\"true\" aria-invalid=\"false\" placeholder=\"Direcci\u00f3n\" value=\"\" type=\"text\" name=\"your-endereco\" \/><\/span>\n\t\t\t<\/p>\n<div class=\"line\">\n<div class=\"unit size1of2\">\n<div class=\"pr10\">\n<p><span class=\"wpcf7-form-control-wrap\" data-name=\"your-estados\"><input size=\"40\" maxlength=\"400\" class=\"wpcf7-form-control wpcf7-text wpcf7-validates-as-required\" aria-required=\"true\" aria-invalid=\"false\" placeholder=\"Estado\" value=\"\" type=\"text\" name=\"your-estados\" \/><\/span>\n\t\t\t\t\t\t<\/p>\n<\/p><\/div>\n<\/p><\/div>\n<div class=\"unit size1of2\">\n<div class=\"pl10\">\n<p><span class=\"wpcf7-form-control-wrap\" data-name=\"your-cidade\"><input size=\"40\" maxlength=\"400\" class=\"wpcf7-form-control wpcf7-text wpcf7-validates-as-required\" aria-required=\"true\" aria-invalid=\"false\" placeholder=\"Ciudad\" value=\"\" type=\"text\" name=\"your-cidade\" \/><\/span>\n\t\t\t\t\t\t<\/p>\n<\/p><\/div>\n<\/p><\/div>\n<\/p><\/div>\n<div class=\"line\">\n<div class=\"unit size1of2\">\n<div class=\"pr10\">\n<p><span class=\"wpcf7-form-control-wrap\" data-name=\"your-bairro\"><input size=\"40\" maxlength=\"400\" class=\"wpcf7-form-control wpcf7-text wpcf7-validates-as-required\" aria-required=\"true\" aria-invalid=\"false\" placeholder=\"Barrio\" value=\"\" type=\"text\" name=\"your-bairro\" \/><\/span>\n\t\t\t\t\t\t<\/p>\n<\/p><\/div>\n<\/p><\/div>\n<div class=\"unit size1of2\">\n<div class=\"pl10\">\n<p><span class=\"wpcf7-form-control-wrap\" data-name=\"your-cep\"><input size=\"40\" maxlength=\"400\" class=\"wpcf7-form-control wpcf7-text wpcf7-validates-as-required mask-cep\" aria-required=\"true\" aria-invalid=\"false\" placeholder=\"C\u00f3digo postal\" value=\"\" type=\"text\" name=\"your-cep\" \/><\/span>\n\t\t\t\t\t\t<\/p>\n<\/p><\/div>\n<\/p><\/div>\n<\/p><\/div>\n<\/p><\/div>\n<\/p><\/div>\n<div class=\"unit size1of2\">\n<div class=\"pl10\">\n<div class=\"line\">\n<p><span class=\"wpcf7-form-control-wrap\" data-name=\"your-cargo\"><input size=\"40\" maxlength=\"400\" class=\"wpcf7-form-control wpcf7-text\" aria-invalid=\"false\" placeholder=\"Profesi\u00f3n\" value=\"\" type=\"text\" name=\"your-cargo\" \/><\/span>\n\t\t\t\t<\/p>\n<div class=\"line\">\n<div class=\"unit size1of2\">\n<div class=\"pr10\">\n<p><span class=\"wpcf7-form-control-wrap\" data-name=\"your-unidade-empresa\"><select class=\"wpcf7-form-control wpcf7-select\" aria-invalid=\"false\" name=\"your-unidade-empresa\"><option value=\"Seleccione la unidad\">Seleccione la unidad<\/option><option value=\"F\u00e1brica S\u00e3o Leopoldo\/RS \u2013 Matriz\">F\u00e1brica S\u00e3o Leopoldo\/RS \u2013 Matriz<\/option><option value=\"F\u00e1brica Esteio\/RS\">F\u00e1brica Esteio\/RS<\/option><option value=\"F\u00e1brica Carazinho\/RS\">F\u00e1brica Carazinho\/RS<\/option><option value=\"F\u00e1brica Itaja\u00ed\/SC\">F\u00e1brica Itaja\u00ed\/SC<\/option><option value=\"F\u00e1brica Maring\u00e1\/PR\">F\u00e1brica Maring\u00e1\/PR<\/option><option value=\"F\u00e1brica Rio Claro\/SP\">F\u00e1brica Rio Claro\/SP<\/option><option value=\"F\u00e1brica An\u00e1polis\/GO\">F\u00e1brica An\u00e1polis\/GO<\/option><option value=\"CD \u2013 Benevides\/PA\">CD \u2013 Benevides\/PA<\/option><option value=\"CD \u2013 Bra\u00e7o do Norte\/SC\">CD \u2013 Bra\u00e7o do Norte\/SC<\/option><option value=\"CD \u2013 Bras\u00edlia\/DF\">CD \u2013 Bras\u00edlia\/DF<\/option><option value=\"CD \u2013 Campo Grande\/MS\">CD \u2013 Campo Grande\/MS<\/option><option value=\"CD \u2013 Caxias do Sul\/RS\">CD \u2013 Caxias do Sul\/RS<\/option><option value=\"CD \u2013 Chapec\u00f3\/SC\">CD \u2013 Chapec\u00f3\/SC<\/option><option value=\"CD \u2013 Charqueadas\/RS\">CD \u2013 Charqueadas\/RS<\/option><option value=\"CD \u2013 Contagem\/MG\">CD \u2013 Contagem\/MG<\/option><option value=\"CD \u2013 Duque de Caxias\/RJ\">CD \u2013 Duque de Caxias\/RJ<\/option><option value=\"CD \u2013 Feira de Santana\/BA\">CD \u2013 Feira de Santana\/BA<\/option><option value=\"CD \u2013 Francisco Beltr\u00e3o\/PR\">CD \u2013 Francisco Beltr\u00e3o\/PR<\/option><option value=\"CD \u2013 Lins\/SP\">CD \u2013 Lins\/SP<\/option><option value=\"CD \u2013 Parnamirim\/RN\">CD \u2013 Parnamirim\/RN<\/option><option value=\"CD \u2013 Pelotas\/RS\">CD \u2013 Pelotas\/RS<\/option><option value=\"CD \u2013 Ribeir\u00e3o Pires\/SP\">CD \u2013 Ribeir\u00e3o Pires\/SP<\/option><option value=\"CD \u2013 Santa Maria\/RS\">CD \u2013 Santa Maria\/RS<\/option><option value=\"CD \u2013 Santo \u00c2ngelo\/RS\">CD \u2013 Santo \u00c2ngelo\/RS<\/option><option value=\"CD \u2013 S\u00e3o Jos\u00e9 dos Pinhais\/PR\">CD \u2013 S\u00e3o Jos\u00e9 dos Pinhais\/PR<\/option><option value=\"CD \u2013 Votorantim\/SP\">CD \u2013 Votorantim\/SP<\/option><\/select><\/span>\n\t\t\t\t\t\t\t<\/p>\n<\/p><\/div>\n<\/p><\/div>\n<div class=\"unit size1of2\">\n\t\t\t\t\t<\/div>\n<\/p><\/div>\n<div class=\"lin\">\n<div class=\"unit size1of2\">\n<div class=\"pr10\">\n<p><span class=\"wpcf7-form-control-wrap\" data-name=\"your-area-comercial\"><input size=\"40\" maxlength=\"400\" class=\"wpcf7-form-control wpcf7-text wpcf7-validates-as-required\" aria-required=\"true\" aria-invalid=\"false\" placeholder=\"\u00c1rea de inter\u00e9s\" value=\"\" type=\"text\" name=\"your-area-comercial\" \/><\/span>\n\t\t\t\t\t\t\t<\/p>\n<\/p><\/div>\n<\/p><\/div>\n<div class=\"unit size1of2\">\n<div class=\"pl10\">\n<p><span class=\"wpcf7-form-control-wrap\" data-name=\"your-atuacao-comercial\"><input size=\"40\" maxlength=\"400\" class=\"wpcf7-form-control wpcf7-text\" aria-invalid=\"false\" placeholder=\"Campo de actividad\" value=\"\" type=\"text\" name=\"your-atuacao-comercial\" \/><\/span>\n\t\t\t\t\t\t\t<\/p>\n<\/p><\/div>\n<\/p><\/div>\n<\/p><\/div>\n<div class=\"pb20\">\n<p><span class=\"wpcf7-form-control-wrap\" data-name=\"file-380\"><input size=\"40\" class=\"wpcf7-form-control wpcf7-file wpcf7-validates-as-required\" accept=\".pdf,.doc,.jpg,.png\" aria-required=\"true\" aria-invalid=\"false\" type=\"file\" name=\"file-380\" \/><\/span>\n\t\t\t\t\t<\/p>\n<\/p><\/div>\n<\/p><\/div>\n<\/p><\/div>\n<\/p><\/div>\n<p><input class=\"wpcf7-form-control wpcf7-submit has-spinner\" type=\"submit\" value=\"Enviar\" \/>\n\t<\/p>\n<p>&nbsp;\n\t<\/p>\n<p>ALISUL ALIMENTOS S\/A trabaja continuamente para mantener la privacidad de su informaci\u00f3n. La pol\u00edtica de privacidad de ALISUL ALIMENTOS S\/A refleja su compromiso de buscar la m\u00e1xima preservaci\u00f3n de la privacidad de todos aquellos que, en alg\u00fan momento, tengan datos procesados o manejados por la empresa, en cumplimiento con los requisitos de la Ley General de Protecci\u00f3n de Datos (LGPD), que determina, entre otras obligaciones, la adopci\u00f3n de procedimientos de seguridad.\n\t<\/p>\n<\/div>\n<div class=\"wpcf7-response-output\" aria-hidden=\"true\"><\/div>\n<\/form>\n<\/div>\n\t\t\t\t\t\t\t\t<\/div>\n\t\t\t\t<\/div>\n\t\t\t\t\t<\/div>\n\t\t\t\t<\/div>\n\t\t\t\t<\/div>\n\t\t","protected":false},"excerpt":{"rendered":"","protected":false},"author":1,"featured_media":0,"parent":0,"menu_order":0,"comment_status":"closed","ping_status":"closed","template":"template-contato.php","meta":{"footnotes":""},"class_list":["post-1555","page","type-page","status-publish","hentry"],"yoast_head":"<!-- This site is optimized with the Yoast SEO plugin v27.2 - https:\/\/yoast.com\/product\/yoast-seo-wordpress\/ -->\n<title>Alisul<\/title>\n<meta name=\"robots\" content=\"index, follow, max-snippet:-1, max-image-preview:large, max-video-preview:-1\" \/>\n<link rel=\"canonical\" href=\"https:\/\/www.alisul.com.br\/es\/trabaja-con-nosotros\/\" \/>\n<meta property=\"og:locale\" content=\"es_ES\" \/>\n<meta property=\"og:type\" content=\"article\" \/>\n<meta property=\"og:title\" content=\"Trabaja con nosotros - Alisul\" \/>\n<meta property=\"og:url\" content=\"https:\/\/www.alisul.com.br\/es\/trabaja-con-nosotros\/\" \/>\n<meta property=\"og:site_name\" content=\"Alisul\" \/>\n<meta property=\"article:publisher\" content=\"https:\/\/www.facebook.com\/racoessupraoficial\" \/>\n<meta property=\"article:modified_time\" content=\"2024-06-27T17:59:50+00:00\" \/>\n<meta name=\"twitter:card\" content=\"summary_large_image\" \/>\n<meta name=\"twitter:label1\" content=\"Tiempo de lectura\" \/>\n\t<meta name=\"twitter:data1\" content=\"1 minuto\" \/>\n<script type=\"application\/ld+json\" class=\"yoast-schema-graph\">{\"@context\":\"https:\/\/schema.org\",\"@graph\":[{\"@type\":\"WebPage\",\"@id\":\"https:\/\/www.alisul.com.br\/es\/trabaja-con-nosotros\/\",\"url\":\"https:\/\/www.alisul.com.br\/es\/trabaja-con-nosotros\/\",\"name\":\"Trabaja con nosotros - Alisul\",\"isPartOf\":{\"@id\":\"https:\/\/www.alisul.com.br\/#website\"},\"datePublished\":\"2021-04-19T18:13:52+00:00\",\"dateModified\":\"2024-06-27T17:59:50+00:00\",\"breadcrumb\":{\"@id\":\"https:\/\/www.alisul.com.br\/es\/trabaja-con-nosotros\/#breadcrumb\"},\"inLanguage\":\"es\",\"potentialAction\":[{\"@type\":\"ReadAction\",\"target\":[\"https:\/\/www.alisul.com.br\/es\/trabaja-con-nosotros\/\"]}]},{\"@type\":\"BreadcrumbList\",\"@id\":\"https:\/\/www.alisul.com.br\/es\/trabaja-con-nosotros\/#breadcrumb\",\"itemListElement\":[{\"@type\":\"ListItem\",\"position\":1,\"name\":\"In\u00edcio\",\"item\":\"https:\/\/www.alisul.com.br\/\"},{\"@type\":\"ListItem\",\"position\":2,\"name\":\"Trabaja con nosotros\"}]},{\"@type\":\"WebSite\",\"@id\":\"https:\/\/www.alisul.com.br\/#website\",\"url\":\"https:\/\/www.alisul.com.br\/\",\"name\":\"Alisul\",\"description\":\"Mais que produtos, Resultados!\",\"publisher\":{\"@id\":\"https:\/\/www.alisul.com.br\/#organization\"},\"potentialAction\":[{\"@type\":\"SearchAction\",\"target\":{\"@type\":\"EntryPoint\",\"urlTemplate\":\"https:\/\/www.alisul.com.br\/?s={search_term_string}\"},\"query-input\":{\"@type\":\"PropertyValueSpecification\",\"valueRequired\":true,\"valueName\":\"search_term_string\"}}],\"inLanguage\":\"es\"},{\"@type\":\"Organization\",\"@id\":\"https:\/\/www.alisul.com.br\/#organization\",\"name\":\"Alisul Alimentos SA\",\"url\":\"https:\/\/www.alisul.com.br\/\",\"logo\":{\"@type\":\"ImageObject\",\"inLanguage\":\"es\",\"@id\":\"https:\/\/www.alisul.com.br\/#\/schema\/logo\/image\/\",\"url\":\"https:\/\/www.alisul.com.br\/wp-content\/uploads\/2021\/09\/cropped-supra-desde79-Copia.png\",\"contentUrl\":\"https:\/\/www.alisul.com.br\/wp-content\/uploads\/2021\/09\/cropped-supra-desde79-Copia.png\",\"width\":512,\"height\":512,\"caption\":\"Alisul Alimentos SA\"},\"image\":{\"@id\":\"https:\/\/www.alisul.com.br\/#\/schema\/logo\/image\/\"},\"sameAs\":[\"https:\/\/www.facebook.com\/racoessupraoficial\",\"https:\/\/www.instagram.com\/racoessupra\/\"]}]}<\/script>\n<!-- \/ Yoast SEO plugin. -->","yoast_head_json":{"title":"Alisul","robots":{"index":"index","follow":"follow","max-snippet":"max-snippet:-1","max-image-preview":"max-image-preview:large","max-video-preview":"max-video-preview:-1"},"canonical":"https:\/\/www.alisul.com.br\/es\/trabaja-con-nosotros\/","og_locale":"es_ES","og_type":"article","og_title":"Trabaja con nosotros - Alisul","og_url":"https:\/\/www.alisul.com.br\/es\/trabaja-con-nosotros\/","og_site_name":"Alisul","article_publisher":"https:\/\/www.facebook.com\/racoessupraoficial","article_modified_time":"2024-06-27T17:59:50+00:00","twitter_card":"summary_large_image","twitter_misc":{"Tiempo de lectura":"1 minuto"},"schema":{"@context":"https:\/\/schema.org","@graph":[{"@type":"WebPage","@id":"https:\/\/www.alisul.com.br\/es\/trabaja-con-nosotros\/","url":"https:\/\/www.alisul.com.br\/es\/trabaja-con-nosotros\/","name":"Trabaja con nosotros - Alisul","isPartOf":{"@id":"https:\/\/www.alisul.com.br\/#website"},"datePublished":"2021-04-19T18:13:52+00:00","dateModified":"2024-06-27T17:59:50+00:00","breadcrumb":{"@id":"https:\/\/www.alisul.com.br\/es\/trabaja-con-nosotros\/#breadcrumb"},"inLanguage":"es","potentialAction":[{"@type":"ReadAction","target":["https:\/\/www.alisul.com.br\/es\/trabaja-con-nosotros\/"]}]},{"@type":"BreadcrumbList","@id":"https:\/\/www.alisul.com.br\/es\/trabaja-con-nosotros\/#breadcrumb","itemListElement":[{"@type":"ListItem","position":1,"name":"In\u00edcio","item":"https:\/\/www.alisul.com.br\/"},{"@type":"ListItem","position":2,"name":"Trabaja con nosotros"}]},{"@type":"WebSite","@id":"https:\/\/www.alisul.com.br\/#website","url":"https:\/\/www.alisul.com.br\/","name":"Alisul","description":"Mais que produtos, Resultados!","publisher":{"@id":"https:\/\/www.alisul.com.br\/#organization"},"potentialAction":[{"@type":"SearchAction","target":{"@type":"EntryPoint","urlTemplate":"https:\/\/www.alisul.com.br\/?s={search_term_string}"},"query-input":{"@type":"PropertyValueSpecification","valueRequired":true,"valueName":"search_term_string"}}],"inLanguage":"es"},{"@type":"Organization","@id":"https:\/\/www.alisul.com.br\/#organization","name":"Alisul Alimentos SA","url":"https:\/\/www.alisul.com.br\/","logo":{"@type":"ImageObject","inLanguage":"es","@id":"https:\/\/www.alisul.com.br\/#\/schema\/logo\/image\/","url":"https:\/\/www.alisul.com.br\/wp-content\/uploads\/2021\/09\/cropped-supra-desde79-Copia.png","contentUrl":"https:\/\/www.alisul.com.br\/wp-content\/uploads\/2021\/09\/cropped-supra-desde79-Copia.png","width":512,"height":512,"caption":"Alisul Alimentos SA"},"image":{"@id":"https:\/\/www.alisul.com.br\/#\/schema\/logo\/image\/"},"sameAs":["https:\/\/www.facebook.com\/racoessupraoficial","https:\/\/www.instagram.com\/racoessupra\/"]}]}},"_links":{"self":[{"href":"https:\/\/www.alisul.com.br\/es\/wp-json\/wp\/v2\/pages\/1555","targetHints":{"allow":["GET"]}}],"collection":[{"href":"https:\/\/www.alisul.com.br\/es\/wp-json\/wp\/v2\/pages"}],"about":[{"href":"https:\/\/www.alisul.com.br\/es\/wp-json\/wp\/v2\/types\/page"}],"author":[{"embeddable":true,"href":"https:\/\/www.alisul.com.br\/es\/wp-json\/wp\/v2\/users\/1"}],"replies":[{"embeddable":true,"href":"https:\/\/www.alisul.com.br\/es\/wp-json\/wp\/v2\/comments?post=1555"}],"version-history":[{"count":4,"href":"https:\/\/www.alisul.com.br\/es\/wp-json\/wp\/v2\/pages\/1555\/revisions"}],"predecessor-version":[{"id":20403,"href":"https:\/\/www.alisul.com.br\/es\/wp-json\/wp\/v2\/pages\/1555\/revisions\/20403"}],"wp:attachment":[{"href":"https:\/\/www.alisul.com.br\/es\/wp-json\/wp\/v2\/media?parent=1555"}],"curies":[{"name":"wp","href":"https:\/\/api.w.org\/{rel}","templated":true}]}}