{"id":1553,"date":"2021-04-19T15:12:47","date_gmt":"2021-04-19T18:12:47","guid":{"rendered":"https:\/\/www.alisul.com.br\/?page_id=1553"},"modified":"2021-08-15T17:05:02","modified_gmt":"2021-08-15T20:05:02","slug":"sobre-nosotros","status":"publish","type":"page","link":"https:\/\/www.alisul.com.br\/es\/sobre-nosotros\/","title":{"rendered":"Sobre nosotros"},"content":{"rendered":"\n<p>Con calidad en todo lo que se propone, Alisul produce y distribuye alimentos completos, desde 1979 con la marca Supra, cubriendo todas las etapas de la alimentaci\u00f3n animal.<\/p>\n\n\n\n<p>La solidez y crecimiento continuo posicionan a Alisul entre los l\u00edderes brasile\u00f1os en el mercado de raciones comerciales y alimentos para animales dom\u00e9sticos.<\/p>\n\n\n\n<p>Con base en una filosof\u00eda empresarial clara y coherente, Alisul busca siempre resultados y la satisfacci\u00f3n de todos involucrados a su negocio.<\/p>\n","protected":false},"excerpt":{"rendered":"<p>Con calidad en todo lo que se propone, Alisul produce y distribuye alimentos completos, desde 1979 con la marca Supra, cubriendo todas las etapas de la alimentaci\u00f3n animal. La solidez y crecimiento continuo posicionan a Alisul entre los l\u00edderes brasile\u00f1os en el mercado de raciones comerciales y alimentos para animales dom\u00e9sticos. Con base en una [&hellip;]<\/p>\n","protected":false},"author":1,"featured_media":0,"parent":0,"menu_order":0,"comment_status":"closed","ping_status":"closed","template":"template-sobre.php","meta":{"footnotes":""},"class_list":["post-1553","page","type-page","status-publish","hentry"],"yoast_head":"<!-- This site is optimized with the Yoast SEO plugin v27.2 - https:\/\/yoast.com\/product\/yoast-seo-wordpress\/ -->\n<title>Alisul<\/title>\n<meta name=\"robots\" content=\"index, follow, max-snippet:-1, max-image-preview:large, max-video-preview:-1\" \/>\n<link rel=\"canonical\" href=\"https:\/\/www.alisul.com.br\/sobre\/\" \/>\n<meta property=\"og:locale\" content=\"es_ES\" \/>\n<meta property=\"og:type\" content=\"article\" \/>\n<meta property=\"og:title\" content=\"Sobre nosotros - Alisul\" \/>\n<meta property=\"og:description\" content=\"Con calidad en todo lo que se propone, Alisul produce y distribuye alimentos completos, desde 1979 con la marca Supra, cubriendo todas las etapas de la alimentaci\u00f3n animal. La solidez y crecimiento continuo posicionan a Alisul entre los l\u00edderes brasile\u00f1os en el mercado de raciones comerciales y alimentos para animales dom\u00e9sticos. Con base en una [&hellip;]\" \/>\n<meta property=\"og:url\" content=\"https:\/\/www.alisul.com.br\/sobre\/\" \/>\n<meta property=\"og:site_name\" content=\"Alisul\" \/>\n<meta property=\"article:publisher\" content=\"https:\/\/www.facebook.com\/racoessupraoficial\" \/>\n<meta property=\"article:modified_time\" content=\"2021-08-15T20:05:02+00:00\" \/>\n<meta name=\"twitter:card\" content=\"summary_large_image\" \/>\n<script type=\"application\/ld+json\" class=\"yoast-schema-graph\">{\"@context\":\"https:\/\/schema.org\",\"@graph\":[{\"@type\":\"WebPage\",\"@id\":\"https:\/\/www.alisul.com.br\/sobre\/\",\"url\":\"https:\/\/www.alisul.com.br\/sobre\/\",\"name\":\"Sobre nosotros - Alisul\",\"isPartOf\":{\"@id\":\"https:\/\/www.alisul.com.br\/#website\"},\"datePublished\":\"2021-04-19T18:12:47+00:00\",\"dateModified\":\"2021-08-15T20:05:02+00:00\",\"breadcrumb\":{\"@id\":\"https:\/\/www.alisul.com.br\/sobre\/#breadcrumb\"},\"inLanguage\":\"es\",\"potentialAction\":[{\"@type\":\"ReadAction\",\"target\":[\"https:\/\/www.alisul.com.br\/sobre\/\"]}]},{\"@type\":\"BreadcrumbList\",\"@id\":\"https:\/\/www.alisul.com.br\/sobre\/#breadcrumb\",\"itemListElement\":[{\"@type\":\"ListItem\",\"position\":1,\"name\":\"In\u00edcio\",\"item\":\"https:\/\/www.alisul.com.br\/\"},{\"@type\":\"ListItem\",\"position\":2,\"name\":\"Sobre nosotros\"}]},{\"@type\":\"WebSite\",\"@id\":\"https:\/\/www.alisul.com.br\/#website\",\"url\":\"https:\/\/www.alisul.com.br\/\",\"name\":\"Alisul\",\"description\":\"Mais que produtos, Resultados!\",\"publisher\":{\"@id\":\"https:\/\/www.alisul.com.br\/#organization\"},\"potentialAction\":[{\"@type\":\"SearchAction\",\"target\":{\"@type\":\"EntryPoint\",\"urlTemplate\":\"https:\/\/www.alisul.com.br\/?s={search_term_string}\"},\"query-input\":{\"@type\":\"PropertyValueSpecification\",\"valueRequired\":true,\"valueName\":\"search_term_string\"}}],\"inLanguage\":\"es\"},{\"@type\":\"Organization\",\"@id\":\"https:\/\/www.alisul.com.br\/#organization\",\"name\":\"Alisul Alimentos SA\",\"url\":\"https:\/\/www.alisul.com.br\/\",\"logo\":{\"@type\":\"ImageObject\",\"inLanguage\":\"es\",\"@id\":\"https:\/\/www.alisul.com.br\/#\/schema\/logo\/image\/\",\"url\":\"https:\/\/www.alisul.com.br\/wp-content\/uploads\/2021\/09\/cropped-supra-desde79-Copia.png\",\"contentUrl\":\"https:\/\/www.alisul.com.br\/wp-content\/uploads\/2021\/09\/cropped-supra-desde79-Copia.png\",\"width\":512,\"height\":512,\"caption\":\"Alisul Alimentos SA\"},\"image\":{\"@id\":\"https:\/\/www.alisul.com.br\/#\/schema\/logo\/image\/\"},\"sameAs\":[\"https:\/\/www.facebook.com\/racoessupraoficial\",\"https:\/\/www.instagram.com\/racoessupra\/\"]}]}<\/script>\n<!-- \/ Yoast SEO plugin. -->","yoast_head_json":{"title":"Alisul","robots":{"index":"index","follow":"follow","max-snippet":"max-snippet:-1","max-image-preview":"max-image-preview:large","max-video-preview":"max-video-preview:-1"},"canonical":"https:\/\/www.alisul.com.br\/sobre\/","og_locale":"es_ES","og_type":"article","og_title":"Sobre nosotros - Alisul","og_description":"Con calidad en todo lo que se propone, Alisul produce y distribuye alimentos completos, desde 1979 con la marca Supra, cubriendo todas las etapas de la alimentaci\u00f3n animal. La solidez y crecimiento continuo posicionan a Alisul entre los l\u00edderes brasile\u00f1os en el mercado de raciones comerciales y alimentos para animales dom\u00e9sticos. Con base en una [&hellip;]","og_url":"https:\/\/www.alisul.com.br\/sobre\/","og_site_name":"Alisul","article_publisher":"https:\/\/www.facebook.com\/racoessupraoficial","article_modified_time":"2021-08-15T20:05:02+00:00","twitter_card":"summary_large_image","schema":{"@context":"https:\/\/schema.org","@graph":[{"@type":"WebPage","@id":"https:\/\/www.alisul.com.br\/sobre\/","url":"https:\/\/www.alisul.com.br\/sobre\/","name":"Sobre nosotros - Alisul","isPartOf":{"@id":"https:\/\/www.alisul.com.br\/#website"},"datePublished":"2021-04-19T18:12:47+00:00","dateModified":"2021-08-15T20:05:02+00:00","breadcrumb":{"@id":"https:\/\/www.alisul.com.br\/sobre\/#breadcrumb"},"inLanguage":"es","potentialAction":[{"@type":"ReadAction","target":["https:\/\/www.alisul.com.br\/sobre\/"]}]},{"@type":"BreadcrumbList","@id":"https:\/\/www.alisul.com.br\/sobre\/#breadcrumb","itemListElement":[{"@type":"ListItem","position":1,"name":"In\u00edcio","item":"https:\/\/www.alisul.com.br\/"},{"@type":"ListItem","position":2,"name":"Sobre nosotros"}]},{"@type":"WebSite","@id":"https:\/\/www.alisul.com.br\/#website","url":"https:\/\/www.alisul.com.br\/","name":"Alisul","description":"Mais que produtos, Resultados!","publisher":{"@id":"https:\/\/www.alisul.com.br\/#organization"},"potentialAction":[{"@type":"SearchAction","target":{"@type":"EntryPoint","urlTemplate":"https:\/\/www.alisul.com.br\/?s={search_term_string}"},"query-input":{"@type":"PropertyValueSpecification","valueRequired":true,"valueName":"search_term_string"}}],"inLanguage":"es"},{"@type":"Organization","@id":"https:\/\/www.alisul.com.br\/#organization","name":"Alisul Alimentos SA","url":"https:\/\/www.alisul.com.br\/","logo":{"@type":"ImageObject","inLanguage":"es","@id":"https:\/\/www.alisul.com.br\/#\/schema\/logo\/image\/","url":"https:\/\/www.alisul.com.br\/wp-content\/uploads\/2021\/09\/cropped-supra-desde79-Copia.png","contentUrl":"https:\/\/www.alisul.com.br\/wp-content\/uploads\/2021\/09\/cropped-supra-desde79-Copia.png","width":512,"height":512,"caption":"Alisul Alimentos SA"},"image":{"@id":"https:\/\/www.alisul.com.br\/#\/schema\/logo\/image\/"},"sameAs":["https:\/\/www.facebook.com\/racoessupraoficial","https:\/\/www.instagram.com\/racoessupra\/"]}]}},"_links":{"self":[{"href":"https:\/\/www.alisul.com.br\/es\/wp-json\/wp\/v2\/pages\/1553","targetHints":{"allow":["GET"]}}],"collection":[{"href":"https:\/\/www.alisul.com.br\/es\/wp-json\/wp\/v2\/pages"}],"about":[{"href":"https:\/\/www.alisul.com.br\/es\/wp-json\/wp\/v2\/types\/page"}],"author":[{"embeddable":true,"href":"https:\/\/www.alisul.com.br\/es\/wp-json\/wp\/v2\/users\/1"}],"replies":[{"embeddable":true,"href":"https:\/\/www.alisul.com.br\/es\/wp-json\/wp\/v2\/comments?post=1553"}],"version-history":[{"count":12,"href":"https:\/\/www.alisul.com.br\/es\/wp-json\/wp\/v2\/pages\/1553\/revisions"}],"predecessor-version":[{"id":3256,"href":"https:\/\/www.alisul.com.br\/es\/wp-json\/wp\/v2\/pages\/1553\/revisions\/3256"}],"wp:attachment":[{"href":"https:\/\/www.alisul.com.br\/es\/wp-json\/wp\/v2\/media?parent=1553"}],"curies":[{"name":"wp","href":"https:\/\/api.w.org\/{rel}","templated":true}]}}