{"id":11872,"date":"2024-03-07T12:23:24","date_gmt":"2024-03-07T15:23:24","guid":{"rendered":"https:\/\/www.alisul.com.br\/?page_id=11872"},"modified":"2024-03-07T12:24:20","modified_gmt":"2024-03-07T15:24:20","slug":"sostenibilidad","status":"publish","type":"page","link":"https:\/\/www.alisul.com.br\/es\/sostenibilidad\/","title":{"rendered":"Sostenibilidad"},"content":{"rendered":"\t\t<div data-elementor-type=\"wp-page\" data-elementor-id=\"11872\" class=\"elementor elementor-11872\" data-elementor-post-type=\"page\">\n\t\t\t\t<div class=\"elementor-element elementor-element-90dfa89 e-flex e-con-boxed e-con e-parent\" data-id=\"90dfa89\" data-element_type=\"container\">\n\t\t\t\t\t<div class=\"e-con-inner\">\n\t\t\t\t<div class=\"elementor-element elementor-element-b2f1388 elementor-widget elementor-widget-heading\" data-id=\"b2f1388\" data-element_type=\"widget\" data-widget_type=\"heading.default\">\n\t\t\t\t<div class=\"elementor-widget-container\">\n\t\t\t\t\t<h2 class=\"elementor-heading-title elementor-size-default\">Sostenibilidad<\/h2>\t\t\t\t<\/div>\n\t\t\t\t<\/div>\n\t\t\t\t<div class=\"elementor-element elementor-element-2257c6d elementor-widget elementor-widget-text-editor\" data-id=\"2257c6d\" data-element_type=\"widget\" data-widget_type=\"text-editor.default\">\n\t\t\t\t<div class=\"elementor-widget-container\">\n\t\t\t\t\t\t\t\t\t<p>Los principios de la sostenibilidad se basan en promover la armon\u00eda entre las necesidades presentes y futuras, asegurando el equilibrio entre los aspectos ambientales, sociales y econ\u00f3micos. Nuestros compromisos consideran el \u201cPrincipio del Ciclo de Vida\u201d de un producto, desde el cuidado en el desarrollo de las materias primas hasta su disposici\u00f3n final, promoviendo pr\u00e1cticas que minimicen los impactos ambientales en todas sus etapas, as\u00ed como el \u201cPrincipio de Innovaci\u00f3n Sostenible\u201d: estimula la b\u00fasqueda de soluciones innovadoras que promuevan el desarrollo sostenible, fomentando la adopci\u00f3n de tecnolog\u00edas y pr\u00e1cticas m\u00e1s eficientes y ecol\u00f3gicas.<\/p><p><span style=\"font-size: 16px; color: var( --e-global-color-text ); text-align: var(--text-align);\">\u00a0<\/span><\/p><p><span style=\"font-size: 16px; color: var( --e-global-color-text ); text-align: var(--text-align);\">Alisul \u2013 Compromiso con el futuro.<\/span><\/p>\t\t\t\t\t\t\t\t<\/div>\n\t\t\t\t<\/div>\n\t\t\t\t\t<\/div>\n\t\t\t\t<\/div>\n\t\t\t\t<\/div>\n\t\t","protected":false},"excerpt":{"rendered":"<p>Sostenibilidad Los principios de la sostenibilidad se basan en promover la armon\u00eda entre las necesidades presentes y futuras, asegurando el equilibrio entre los aspectos ambientales, sociales y econ\u00f3micos. Nuestros compromisos consideran el \u201cPrincipio del Ciclo de Vida\u201d de un producto, desde el cuidado en el desarrollo de las materias primas hasta su disposici\u00f3n final, promoviendo [&hellip;]<\/p>\n","protected":false},"author":1,"featured_media":0,"parent":0,"menu_order":0,"comment_status":"closed","ping_status":"closed","template":"template-contato.php","meta":{"footnotes":""},"class_list":["post-11872","page","type-page","status-publish","hentry"],"yoast_head":"<!-- This site is optimized with the Yoast SEO plugin v27.2 - https:\/\/yoast.com\/product\/yoast-seo-wordpress\/ -->\n<title>Alisul<\/title>\n<meta name=\"robots\" content=\"index, follow, max-snippet:-1, max-image-preview:large, max-video-preview:-1\" \/>\n<link rel=\"canonical\" href=\"https:\/\/www.alisul.com.br\/es\/sostenibilidad\/\" \/>\n<meta property=\"og:locale\" content=\"es_ES\" \/>\n<meta property=\"og:type\" content=\"article\" \/>\n<meta property=\"og:title\" content=\"Sostenibilidad - Alisul\" \/>\n<meta property=\"og:description\" content=\"Sostenibilidad Los principios de la sostenibilidad se basan en promover la armon\u00eda entre las necesidades presentes y futuras, asegurando el equilibrio entre los aspectos ambientales, sociales y econ\u00f3micos. Nuestros compromisos consideran el \u201cPrincipio del Ciclo de Vida\u201d de un producto, desde el cuidado en el desarrollo de las materias primas hasta su disposici\u00f3n final, promoviendo [&hellip;]\" \/>\n<meta property=\"og:url\" content=\"https:\/\/www.alisul.com.br\/es\/sostenibilidad\/\" \/>\n<meta property=\"og:site_name\" content=\"Alisul\" \/>\n<meta property=\"article:publisher\" content=\"https:\/\/www.facebook.com\/racoessupraoficial\" \/>\n<meta property=\"article:modified_time\" content=\"2024-03-07T15:24:20+00:00\" \/>\n<meta name=\"twitter:card\" content=\"summary_large_image\" \/>\n<meta name=\"twitter:label1\" content=\"Tiempo de lectura\" \/>\n\t<meta name=\"twitter:data1\" content=\"1 minuto\" \/>\n<script type=\"application\/ld+json\" class=\"yoast-schema-graph\">{\"@context\":\"https:\/\/schema.org\",\"@graph\":[{\"@type\":\"WebPage\",\"@id\":\"https:\/\/www.alisul.com.br\/es\/sostenibilidad\/\",\"url\":\"https:\/\/www.alisul.com.br\/es\/sostenibilidad\/\",\"name\":\"Sostenibilidad - Alisul\",\"isPartOf\":{\"@id\":\"https:\/\/www.alisul.com.br\/#website\"},\"datePublished\":\"2024-03-07T15:23:24+00:00\",\"dateModified\":\"2024-03-07T15:24:20+00:00\",\"breadcrumb\":{\"@id\":\"https:\/\/www.alisul.com.br\/es\/sostenibilidad\/#breadcrumb\"},\"inLanguage\":\"es\",\"potentialAction\":[{\"@type\":\"ReadAction\",\"target\":[\"https:\/\/www.alisul.com.br\/es\/sostenibilidad\/\"]}]},{\"@type\":\"BreadcrumbList\",\"@id\":\"https:\/\/www.alisul.com.br\/es\/sostenibilidad\/#breadcrumb\",\"itemListElement\":[{\"@type\":\"ListItem\",\"position\":1,\"name\":\"In\u00edcio\",\"item\":\"https:\/\/www.alisul.com.br\/\"},{\"@type\":\"ListItem\",\"position\":2,\"name\":\"Sostenibilidad\"}]},{\"@type\":\"WebSite\",\"@id\":\"https:\/\/www.alisul.com.br\/#website\",\"url\":\"https:\/\/www.alisul.com.br\/\",\"name\":\"Alisul\",\"description\":\"Mais que produtos, Resultados!\",\"publisher\":{\"@id\":\"https:\/\/www.alisul.com.br\/#organization\"},\"potentialAction\":[{\"@type\":\"SearchAction\",\"target\":{\"@type\":\"EntryPoint\",\"urlTemplate\":\"https:\/\/www.alisul.com.br\/?s={search_term_string}\"},\"query-input\":{\"@type\":\"PropertyValueSpecification\",\"valueRequired\":true,\"valueName\":\"search_term_string\"}}],\"inLanguage\":\"es\"},{\"@type\":\"Organization\",\"@id\":\"https:\/\/www.alisul.com.br\/#organization\",\"name\":\"Alisul Alimentos SA\",\"url\":\"https:\/\/www.alisul.com.br\/\",\"logo\":{\"@type\":\"ImageObject\",\"inLanguage\":\"es\",\"@id\":\"https:\/\/www.alisul.com.br\/#\/schema\/logo\/image\/\",\"url\":\"https:\/\/www.alisul.com.br\/wp-content\/uploads\/2021\/09\/cropped-supra-desde79-Copia.png\",\"contentUrl\":\"https:\/\/www.alisul.com.br\/wp-content\/uploads\/2021\/09\/cropped-supra-desde79-Copia.png\",\"width\":512,\"height\":512,\"caption\":\"Alisul Alimentos SA\"},\"image\":{\"@id\":\"https:\/\/www.alisul.com.br\/#\/schema\/logo\/image\/\"},\"sameAs\":[\"https:\/\/www.facebook.com\/racoessupraoficial\",\"https:\/\/www.instagram.com\/racoessupra\/\"]}]}<\/script>\n<!-- \/ Yoast SEO plugin. -->","yoast_head_json":{"title":"Alisul","robots":{"index":"index","follow":"follow","max-snippet":"max-snippet:-1","max-image-preview":"max-image-preview:large","max-video-preview":"max-video-preview:-1"},"canonical":"https:\/\/www.alisul.com.br\/es\/sostenibilidad\/","og_locale":"es_ES","og_type":"article","og_title":"Sostenibilidad - Alisul","og_description":"Sostenibilidad Los principios de la sostenibilidad se basan en promover la armon\u00eda entre las necesidades presentes y futuras, asegurando el equilibrio entre los aspectos ambientales, sociales y econ\u00f3micos. Nuestros compromisos consideran el \u201cPrincipio del Ciclo de Vida\u201d de un producto, desde el cuidado en el desarrollo de las materias primas hasta su disposici\u00f3n final, promoviendo [&hellip;]","og_url":"https:\/\/www.alisul.com.br\/es\/sostenibilidad\/","og_site_name":"Alisul","article_publisher":"https:\/\/www.facebook.com\/racoessupraoficial","article_modified_time":"2024-03-07T15:24:20+00:00","twitter_card":"summary_large_image","twitter_misc":{"Tiempo de lectura":"1 minuto"},"schema":{"@context":"https:\/\/schema.org","@graph":[{"@type":"WebPage","@id":"https:\/\/www.alisul.com.br\/es\/sostenibilidad\/","url":"https:\/\/www.alisul.com.br\/es\/sostenibilidad\/","name":"Sostenibilidad - Alisul","isPartOf":{"@id":"https:\/\/www.alisul.com.br\/#website"},"datePublished":"2024-03-07T15:23:24+00:00","dateModified":"2024-03-07T15:24:20+00:00","breadcrumb":{"@id":"https:\/\/www.alisul.com.br\/es\/sostenibilidad\/#breadcrumb"},"inLanguage":"es","potentialAction":[{"@type":"ReadAction","target":["https:\/\/www.alisul.com.br\/es\/sostenibilidad\/"]}]},{"@type":"BreadcrumbList","@id":"https:\/\/www.alisul.com.br\/es\/sostenibilidad\/#breadcrumb","itemListElement":[{"@type":"ListItem","position":1,"name":"In\u00edcio","item":"https:\/\/www.alisul.com.br\/"},{"@type":"ListItem","position":2,"name":"Sostenibilidad"}]},{"@type":"WebSite","@id":"https:\/\/www.alisul.com.br\/#website","url":"https:\/\/www.alisul.com.br\/","name":"Alisul","description":"Mais que produtos, Resultados!","publisher":{"@id":"https:\/\/www.alisul.com.br\/#organization"},"potentialAction":[{"@type":"SearchAction","target":{"@type":"EntryPoint","urlTemplate":"https:\/\/www.alisul.com.br\/?s={search_term_string}"},"query-input":{"@type":"PropertyValueSpecification","valueRequired":true,"valueName":"search_term_string"}}],"inLanguage":"es"},{"@type":"Organization","@id":"https:\/\/www.alisul.com.br\/#organization","name":"Alisul Alimentos SA","url":"https:\/\/www.alisul.com.br\/","logo":{"@type":"ImageObject","inLanguage":"es","@id":"https:\/\/www.alisul.com.br\/#\/schema\/logo\/image\/","url":"https:\/\/www.alisul.com.br\/wp-content\/uploads\/2021\/09\/cropped-supra-desde79-Copia.png","contentUrl":"https:\/\/www.alisul.com.br\/wp-content\/uploads\/2021\/09\/cropped-supra-desde79-Copia.png","width":512,"height":512,"caption":"Alisul Alimentos SA"},"image":{"@id":"https:\/\/www.alisul.com.br\/#\/schema\/logo\/image\/"},"sameAs":["https:\/\/www.facebook.com\/racoessupraoficial","https:\/\/www.instagram.com\/racoessupra\/"]}]}},"_links":{"self":[{"href":"https:\/\/www.alisul.com.br\/es\/wp-json\/wp\/v2\/pages\/11872","targetHints":{"allow":["GET"]}}],"collection":[{"href":"https:\/\/www.alisul.com.br\/es\/wp-json\/wp\/v2\/pages"}],"about":[{"href":"https:\/\/www.alisul.com.br\/es\/wp-json\/wp\/v2\/types\/page"}],"author":[{"embeddable":true,"href":"https:\/\/www.alisul.com.br\/es\/wp-json\/wp\/v2\/users\/1"}],"replies":[{"embeddable":true,"href":"https:\/\/www.alisul.com.br\/es\/wp-json\/wp\/v2\/comments?post=11872"}],"version-history":[{"count":4,"href":"https:\/\/www.alisul.com.br\/es\/wp-json\/wp\/v2\/pages\/11872\/revisions"}],"predecessor-version":[{"id":11876,"href":"https:\/\/www.alisul.com.br\/es\/wp-json\/wp\/v2\/pages\/11872\/revisions\/11876"}],"wp:attachment":[{"href":"https:\/\/www.alisul.com.br\/es\/wp-json\/wp\/v2\/media?parent=11872"}],"curies":[{"name":"wp","href":"https:\/\/api.w.org\/{rel}","templated":true}]}}